{"id":65,"date":"2026-04-17T19:45:17","date_gmt":"2026-04-17T19:45:17","guid":{"rendered":"https:\/\/esper-action.fr\/?page_id=65"},"modified":"2026-04-17T20:44:09","modified_gmt":"2026-04-17T20:44:09","slug":"etablissement","status":"publish","type":"page","link":"https:\/\/esper-action.fr\/index.php\/etablissement\/","title":{"rendered":"Etablissement"},"content":{"rendered":"\n<div class=\"wp-block-group alignfull esper-page etablissements-page has-global-padding is-layout-constrained wp-block-group-is-layout-constrained\">\n<div class=\"wp-block-group esper-etablissements-hero has-global-padding is-layout-constrained wp-block-group-is-layout-constrained\">\n<figure class=\"wp-block-image aligncenter esper-logo-page\"><img decoding=\"async\" src=\"http:\/\/esper-action.fr\/wp-content\/uploads\/2026\/04\/logo-21.png\" alt=\"Logo Esp\u00e9r\u2019Action\"\/><\/figure>\n\n\n\n<h1 class=\"wp-block-heading has-text-align-center\">\u00c9tablissements<\/h1>\n\n\n\n<p class=\"has-text-align-center has-large-font-size\">Des interventions p\u00e9dagogiques pour aider les jeunes \u00e0 mieux se comprendre, \u00e0 mieux habiter leurs \u00e9motions et \u00e0 se structurer dans un monde o\u00f9 les rep\u00e8res deviennent souvent flous.<\/p>\n\n\n\n<div class=\"wp-block-buttons is-content-justification-center is-layout-flex wp-container-core-buttons-is-layout-a89b3969 wp-block-buttons-is-layout-flex\">\n<div class=\"wp-block-button\"><a class=\"wp-block-button__link wp-element-button\" href=\"https:\/\/calendly.com\/jacques-bert-esper-action\/entretien-decouverte\">Prendre un 1er rendez-vous<\/a><\/div>\n<\/div>\n<\/div>\n\n\n<nav class=\"is-responsive wp-block-navigation is-layout-flex wp-block-navigation-is-layout-flex\" aria-label=\"Navigation\" \n\t\t data-wp-interactive=\"core\/navigation\" data-wp-context='{\"overlayOpenedBy\":{\"click\":false,\"hover\":false,\"focus\":false},\"type\":\"overlay\",\"roleAttribute\":\"\",\"ariaLabel\":\"Menu\"}'><button aria-haspopup=\"dialog\" aria-label=\"Ouvrir le menu\" class=\"wp-block-navigation__responsive-container-open\" \n\t\t\t\tdata-wp-on--click=\"actions.openMenuOnClick\"\n\t\t\t\tdata-wp-on--keydown=\"actions.handleMenuKeydown\"\n\t\t\t><svg width=\"24\" height=\"24\" xmlns=\"http:\/\/www.w3.org\/2000\/svg\" viewBox=\"0 0 24 24\" aria-hidden=\"true\" focusable=\"false\"><path d=\"M4 7.5h16v1.5H4z\"><\/path><path d=\"M4 15h16v1.5H4z\"><\/path><\/svg><\/button>\n\t\t\t\t<div class=\"wp-block-navigation__responsive-container\"  id=\"modal-1\" \n\t\t\t\tdata-wp-class--has-modal-open=\"state.isMenuOpen\"\n\t\t\t\tdata-wp-class--is-menu-open=\"state.isMenuOpen\"\n\t\t\t\tdata-wp-watch=\"callbacks.initMenu\"\n\t\t\t\tdata-wp-on--keydown=\"actions.handleMenuKeydown\"\n\t\t\t\tdata-wp-on--focusout=\"actions.handleMenuFocusout\"\n\t\t\t\ttabindex=\"-1\"\n\t\t\t>\n\t\t\t\t\t<div class=\"wp-block-navigation__responsive-close\" tabindex=\"-1\">\n\t\t\t\t\t\t<div class=\"wp-block-navigation__responsive-dialog\" \n\t\t\t\tdata-wp-bind--aria-modal=\"state.ariaModal\"\n\t\t\t\tdata-wp-bind--aria-label=\"state.ariaLabel\"\n\t\t\t\tdata-wp-bind--role=\"state.roleAttribute\"\n\t\t\t>\n\t\t\t\t\t\t\t<button aria-label=\"Fermer le menu\" class=\"wp-block-navigation__responsive-container-close\" \n\t\t\t\tdata-wp-on--click=\"actions.closeMenuOnClick\"\n\t\t\t><svg xmlns=\"http:\/\/www.w3.org\/2000\/svg\" viewBox=\"0 0 24 24\" width=\"24\" height=\"24\" aria-hidden=\"true\" focusable=\"false\"><path d=\"m13.06 12 6.47-6.47-1.06-1.06L12 10.94 5.53 4.47 4.47 5.53 10.94 12l-6.47 6.47 1.06 1.06L12 13.06l6.47 6.47 1.06-1.06L13.06 12Z\"><\/path><\/svg><\/button>\n\t\t\t\t\t\t\t<div class=\"wp-block-navigation__responsive-container-content\" \n\t\t\t\tdata-wp-watch=\"callbacks.focusFirstElement\"\n\t\t\t id=\"modal-1-content\">\n\t\t\t\t\t\t\t\t<ul class=\"wp-block-navigation__container is-responsive wp-block-navigation\"><li class=\" wp-block-navigation-item wp-block-navigation-link\"><a class=\"wp-block-navigation-item__content\"  href=\"https:\/\/esper-action.fr\/\"><span class=\"wp-block-navigation-item__label\">Accueil<\/span><\/a><\/li><li class=\" wp-block-navigation-item wp-block-navigation-link\"><a class=\"wp-block-navigation-item__content\"  href=\"https:\/\/esper-action.fr\/index.php\/particuliers\/\"><span class=\"wp-block-navigation-item__label\">Particuliers<\/span><\/a><\/li><li class=\" wp-block-navigation-item wp-block-navigation-link\"><a class=\"wp-block-navigation-item__content\"  href=\"https:\/\/esper-action.fr\/index.php\/entreprises\/\"><span class=\"wp-block-navigation-item__label\">Entreprises<\/span><\/a><\/li><li class=\" wp-block-navigation-item wp-block-navigation-link\"><a class=\"wp-block-navigation-item__content\"  href=\"https:\/\/esper-action.fr\/index.php\/etablissement\/\"><span class=\"wp-block-navigation-item__label\">Etablissement<\/span><\/a><\/li><li class=\" wp-block-navigation-item wp-block-navigation-link\"><a class=\"wp-block-navigation-item__content\"  href=\"https:\/\/esper-action.fr\/index.php\/contact\/\"><span class=\"wp-block-navigation-item__label\">Contact<\/span><\/a><\/li><\/ul>\n\t\t\t\t\t\t\t<\/div>\n\t\t\t\t\t\t<\/div>\n\t\t\t\t\t<\/div>\n\t\t\t\t<\/div><\/nav>\n\n\n<div style=\"height:56px\" aria-hidden=\"true\" class=\"wp-block-spacer\"><\/div>\n\n\n\n<div class=\"wp-block-columns esper-etablissements-intro is-layout-flex wp-container-core-columns-is-layout-f2b4f319 wp-block-columns-is-layout-flex\">\n<div class=\"wp-block-column is-layout-flow wp-block-column-is-layout-flow\" style=\"flex-basis:55%\">\n<h2 class=\"wp-block-heading\">Pour qui ?<\/h2>\n\n\n\n<p>J\u2019interviens principalement aupr\u00e8s de coll\u00e8ges, lyc\u00e9es, \u00e9tablissements d\u2019enseignement sup\u00e9rieur, structures de formation et \u00e9quipes \u00e9ducatives qui souhaitent proposer aux jeunes des contenus exigeants, concrets et profond\u00e9ment incarn\u00e9s. Occasionnellement, je sais adapter mes formations \u00e0 tous types d&rsquo;\u00e2ges d\u00e8s la maternelle.<\/p>\n\n\n\n<p>L\u2019objectif n\u2019est pas seulement d\u2019informer, mais d\u2019aider les jeunes \u00e0 mieux comprendre ce qu\u2019ils vivent, \u00e0 mieux nommer leurs difficult\u00e9s, \u00e0 poser des rep\u00e8res et \u00e0 d\u00e9velopper une posture plus libre, plus responsable et plus solide.<\/p>\n\n\n\n<h2 class=\"wp-block-heading\">Mon offre majeure<\/h2>\n\n\n\n<p>Mon offre majeure porte sur la p\u00e9dagogie elle-m\u00eame : une r\u00e9flexion et une formation sur la n\u00e9cessit\u00e9 d\u2019une p\u00e9dagogie r\u00e9invent\u00e9e face aux enjeux de notre soci\u00e9t\u00e9, aux fragilit\u00e9s actuelles des jeunes et aux limites des approches trop abstraites ou trop d\u00e9sincarn\u00e9es.<\/p>\n\n\n\n<p>J\u2019interviens aussi sur la pr\u00e9vention des addictions, la compr\u00e9hension des \u00e9motions, la m\u00e9ditation, la philosophie de la vie et d\u2019autres sujets construits en dialogue direct avec l\u2019\u00e9tablissement.<\/p>\n<\/div>\n\n\n\n<div class=\"wp-block-column is-layout-flow wp-block-column-is-layout-flow\" style=\"flex-basis:45%\">\n<figure class=\"wp-block-image size-large esper-photo-formateur\"><img loading=\"lazy\" decoding=\"async\" width=\"1024\" height=\"576\" src=\"http:\/\/esper-action.fr\/wp-content\/uploads\/2026\/04\/WhatsApp-Image-2026-04-17-at-10.34.40cdf-1024x576.jpeg\" alt=\"\" class=\"wp-image-52\" srcset=\"https:\/\/esper-action.fr\/wp-content\/uploads\/2026\/04\/WhatsApp-Image-2026-04-17-at-10.34.40cdf-1024x576.jpeg 1024w, https:\/\/esper-action.fr\/wp-content\/uploads\/2026\/04\/WhatsApp-Image-2026-04-17-at-10.34.40cdf-300x169.jpeg 300w, https:\/\/esper-action.fr\/wp-content\/uploads\/2026\/04\/WhatsApp-Image-2026-04-17-at-10.34.40cdf-768x432.jpeg 768w, https:\/\/esper-action.fr\/wp-content\/uploads\/2026\/04\/WhatsApp-Image-2026-04-17-at-10.34.40cdf-1536x864.jpeg 1536w, https:\/\/esper-action.fr\/wp-content\/uploads\/2026\/04\/WhatsApp-Image-2026-04-17-at-10.34.40cdf.jpeg 1600w\" sizes=\"auto, (max-width: 1024px) 100vw, 1024px\" \/><\/figure>\n\n\n\n<div class=\"wp-block-group esper-encart has-global-padding is-layout-constrained wp-block-group-is-layout-constrained\">\n<h3 class=\"wp-block-heading\">Un premier \u00e9change<\/h3>\n\n\n\n<p>Le premier \u00e9change permet de comprendre votre demande, le public concern\u00e9 et le type d\u2019intervention le plus adapt\u00e9 pour votre \u00e9tablissement.<\/p>\n\n\n\n<div class=\"wp-block-buttons is-layout-flex wp-block-buttons-is-layout-flex\">\n<div class=\"wp-block-button\"><a class=\"wp-block-button__link wp-element-button\" href=\"https:\/\/calendly.com\/jacques-bert-esper-action\/entretien-decouverte\">R\u00e9server un \u00e9change<\/a><\/div>\n<\/div>\n<\/div>\n\n\n\n<div class=\"wp-block-group esper-encart has-global-padding is-layout-constrained wp-block-group-is-layout-constrained\">\n<h3 class=\"wp-block-heading\">Intervention sur devis<\/h3>\n\n\n\n<p>Les dur\u00e9es, les formats et les tarifs sont d\u00e9finis au cas par cas selon la demande, le nombre de participants, l\u2019\u00e2ge du public et le niveau d\u2019approfondissement souhait\u00e9.<\/p>\n<\/div>\n<\/div>\n<\/div>\n\n\n\n<div style=\"height:43px\" aria-hidden=\"true\" class=\"wp-block-spacer\"><\/div>\n\n\n\n<div class=\"esper-video-wrap\">\n  <iframe\n    src=\"https:\/\/www.youtube.com\/embed\/qVn9uB19Bro\"\n    title=\"Vid\u00e9o YouTube Esp\u00e9r\u2019Action\"\n    frameborder=\"0\"\n    allow=\"accelerometer; autoplay; clipboard-write; encrypted-media; gyroscope; picture-in-picture; web-share\"\n    allowfullscreen>\n  <\/iframe>\n<\/div>\n\n\n\n<div style=\"height:28px\" aria-hidden=\"true\" class=\"wp-block-spacer\"><\/div>\n\n\n\n<div class=\"wp-block-group esper-section-claire has-global-padding is-layout-constrained wp-block-group-is-layout-constrained\">\n<h2 class=\"wp-block-heading has-text-align-center\">Mes propositions d\u2019intervention<\/h2>\n\n\n\n<div class=\"wp-block-columns is-layout-flex wp-container-core-columns-is-layout-6cedfde3 wp-block-columns-is-layout-flex\">\n<div class=\"wp-block-column is-layout-flow wp-block-column-is-layout-flow\">\n<h3 class=\"wp-block-heading\">P\u00e9dagogie et p\u00e9dagogie r\u00e9invent\u00e9e<\/h3>\n\n\n\n<p>Une r\u00e9flexion de fond sur la mani\u00e8re d\u2019enseigner, de transmettre et d\u2019accompagner les jeunes aujourd\u2019hui, dans un contexte o\u00f9 beaucoup de m\u00e9thodes ne suffisent plus.<\/p>\n<\/div>\n\n\n\n<div class=\"wp-block-column is-layout-flow wp-block-column-is-layout-flow\">\n<h3 class=\"wp-block-heading\">Pr\u00e9vention des addictions<\/h3>\n\n\n\n<p>Une pr\u00e9vention qui ne se limite pas \u00e0 l\u2019interdit, mais qui cherche \u00e0 faire comprendre les m\u00e9canismes affectifs, \u00e9motionnels et relationnels des conduites addictives.<\/p>\n<\/div>\n\n\n\n<div class=\"wp-block-column is-layout-flow wp-block-column-is-layout-flow\">\n<h3 class=\"wp-block-heading\">Cours sur mesure<\/h3>\n\n\n\n<p>M\u00e9ditation, philosophie de la vie, compr\u00e9hension des \u00e9motions, structuration personnelle, rapport \u00e0 soi et aux autres : les contenus se construisent en dialogue avec l\u2019\u00e9tablissement.<\/p>\n<\/div>\n<\/div>\n<\/div>\n\n\n\n<div style=\"height:48px\" aria-hidden=\"true\" class=\"wp-block-spacer\"><\/div>\n\n\n\n<div class=\"wp-block-group esper-section-claire has-global-padding is-layout-constrained wp-block-group-is-layout-constrained\">\n<h2 class=\"wp-block-heading has-text-align-center\">Une offre importante : La M\u00e9thode originelle des couleurs Arc En Ciel DISC\u00a9\u00ae<\/h2>\n\n\n\n<p class=\"has-text-align-center\">Cette m\u00e9thode occupe une place importante dans mes propositions pour aider les jeunes \u00e0 mieux se conna\u00eetre, \u00e0 mieux comprendre les autres et \u00e0 mieux vivre les diff\u00e9rences de fonctionnement.<\/p>\n\n\n\n<div class=\"wp-block-columns is-layout-flex wp-container-core-columns-is-layout-6cedfde3 wp-block-columns-is-layout-flex\">\n<div class=\"wp-block-column is-layout-flow wp-block-column-is-layout-flow\">\n<h3 class=\"wp-block-heading\">Mieux se conna\u00eetre<\/h3>\n\n\n\n<p>Les jeunes d\u00e9couvrent leur mani\u00e8re naturelle d\u2019agir, de r\u00e9agir, de communiquer et de se situer dans le groupe.<\/p>\n<\/div>\n\n\n\n<div class=\"wp-block-column is-layout-flow wp-block-column-is-layout-flow\">\n<h3 class=\"wp-block-heading\">Mieux comprendre les autres<\/h3>\n\n\n\n<p>La m\u00e9thode rend visibles les diff\u00e9rences de fonctionnement et aide \u00e0 pr\u00e9venir les jugements trop rapides ou les incompr\u00e9hensions r\u00e9p\u00e9t\u00e9es.<\/p>\n<\/div>\n\n\n\n<div class=\"wp-block-column is-layout-flow wp-block-column-is-layout-flow\">\n<h3 class=\"wp-block-heading\">Mieux vivre ensemble<\/h3>\n\n\n\n<p>Quand les comportements deviennent plus lisibles, les relations gagnent en justesse, en respect mutuel et en qualit\u00e9 de coop\u00e9ration.<\/p>\n<\/div>\n<\/div>\n<\/div>\n\n\n\n<div style=\"height:48px\" aria-hidden=\"true\" class=\"wp-block-spacer\"><\/div>\n\n\n\n<div class=\"wp-block-group esper-section-claire has-global-padding is-layout-constrained wp-block-group-is-layout-constrained\">\n<h2 class=\"wp-block-heading has-text-align-center\">J\u2019interviens notamment quand\u2026<\/h2>\n\n\n\n<div class=\"wp-block-columns is-layout-flex wp-container-core-columns-is-layout-6cedfde3 wp-block-columns-is-layout-flex\">\n<div class=\"wp-block-column is-layout-flow wp-block-column-is-layout-flow\">\n<h3 class=\"wp-block-heading\">Les jeunes manquent de rep\u00e8res<\/h3>\n\n\n\n<p>Ils ont besoin d\u2019un langage plus juste pour nommer ce qu\u2019ils vivent et de rep\u00e8res pour se structurer int\u00e9rieurement.<\/p>\n<\/div>\n\n\n\n<div class=\"wp-block-column is-layout-flow wp-block-column-is-layout-flow\">\n<h3 class=\"wp-block-heading\">Les \u00e9motions prennent toute la place<\/h3>\n\n\n\n<p>Les tensions, l\u2019impulsivit\u00e9, le mal-\u00eatre ou la confusion affective deviennent difficiles \u00e0 r\u00e9guler sans un travail de compr\u00e9hension plus profond.<\/p>\n<\/div>\n\n\n\n<div class=\"wp-block-column is-layout-flow wp-block-column-is-layout-flow\">\n<h3 class=\"wp-block-heading\">Les addictions deviennent un sujet r\u00e9el<\/h3>\n\n\n\n<p>Il faut alors d\u00e9passer les discours abstraits et aider les jeunes \u00e0 comprendre les ressorts affectifs, \u00e9motionnels et relationnels des conduites addictives.<\/p>\n<\/div>\n<\/div>\n\n\n\n<div style=\"height:28px\" aria-hidden=\"true\" class=\"wp-block-spacer\"><\/div>\n\n\n\n<div class=\"wp-block-columns is-layout-flex wp-container-core-columns-is-layout-6cedfde3 wp-block-columns-is-layout-flex\">\n<div class=\"wp-block-column is-layout-flow wp-block-column-is-layout-flow\">\n<h3 class=\"wp-block-heading\">Les \u00e9quipes veulent renouveler leur p\u00e9dagogie<\/h3>\n\n\n\n<p>Quand certaines m\u00e9thodes ne suffisent plus, il devient n\u00e9cessaire de r\u00e9fl\u00e9chir \u00e0 une p\u00e9dagogie plus incarn\u00e9e, plus exigeante et plus ajust\u00e9e aux jeunes d\u2019aujourd\u2019hui.<\/p>\n<\/div>\n\n\n\n<div class=\"wp-block-column is-layout-flow wp-block-column-is-layout-flow\">\n<h3 class=\"wp-block-heading\">Un sujet sp\u00e9cifique m\u00e9rite une intervention<\/h3>\n\n\n\n<p>M\u00e9ditation, philosophie de la vie, compr\u00e9hension des \u00e9motions, posture personnelle, relation aux autres : certaines demandes appellent une r\u00e9ponse construite sur mesure.<\/p>\n<\/div>\n\n\n\n<div class=\"wp-block-column is-layout-flow wp-block-column-is-layout-flow\">\n<h3 class=\"wp-block-heading\">Vous cherchez une vraie adaptation au public<\/h3>\n\n\n\n<p>Le contenu, le ton, le niveau de profondeur et la p\u00e9dagogie sont ajust\u00e9s au public, \u00e0 l\u2019\u00e2ge, au contexte et \u00e0 la demande de l\u2019\u00e9tablissement.<\/p>\n<\/div>\n<\/div>\n<\/div>\n\n\n\n<div style=\"height:48px\" aria-hidden=\"true\" class=\"wp-block-spacer\"><\/div>\n\n\n\n<div class=\"wp-block-group esper-section-claire has-global-padding is-layout-constrained wp-block-group-is-layout-constrained\">\n<h2 class=\"wp-block-heading has-text-align-center\">Formats et conditions<\/h2>\n\n\n\n<div class=\"wp-block-columns is-layout-flex wp-container-core-columns-is-layout-6cedfde3 wp-block-columns-is-layout-flex\">\n<div class=\"wp-block-column is-layout-flow wp-block-column-is-layout-flow\">\n<h3 class=\"wp-block-heading\">Formats possibles<\/h3>\n\n\n\n<p>Cours ponctuel, intervention th\u00e9matique, s\u00e9quence p\u00e9dagogique, demi-journ\u00e9e, journ\u00e9e ou construction plus large selon les besoins.<\/p>\n<\/div>\n\n\n\n<div class=\"wp-block-column is-layout-flow wp-block-column-is-layout-flow\">\n<h3 class=\"wp-block-heading\">Dur\u00e9e et contenu<\/h3>\n\n\n\n<p>Les dur\u00e9es, le nombre d\u2019interventions et le contenu exact se d\u00e9finissent directement avec l\u2019\u00e9tablissement en fonction du public et des objectifs.<\/p>\n<\/div>\n\n\n\n<div class=\"wp-block-column is-layout-flow wp-block-column-is-layout-flow\">\n<h3 class=\"wp-block-heading\">Tarifs<\/h3>\n\n\n\n<p>Les prestations sont propos\u00e9es sur devis, au cas par cas, selon la demande, le format retenu et le niveau de pr\u00e9paration n\u00e9cessaire.<\/p>\n<\/div>\n<\/div>\n<\/div>\n\n\n\n<div style=\"height:48px\" aria-hidden=\"true\" class=\"wp-block-spacer\"><\/div>\n\n\n\n<div class=\"wp-block-group esper-section-claire has-global-padding is-layout-constrained wp-block-group-is-layout-constrained\">\n<h2 class=\"wp-block-heading has-text-align-center\">Pourquoi cette approche ?<\/h2>\n\n\n\n<div class=\"wp-block-columns is-layout-flex wp-container-core-columns-is-layout-6cedfde3 wp-block-columns-is-layout-flex\">\n<div class=\"wp-block-column is-style-default is-layout-flow wp-block-column-is-layout-flow\">\n<p>Parce que les jeunes n\u2019ont pas seulement besoin d\u2019informations. Ils ont besoin d\u2019une parole juste, de rep\u00e8res solides, d\u2019une p\u00e9dagogie incarn\u00e9e et d\u2019interventions capables de relier le fond, l\u2019exp\u00e9rience v\u00e9cue et la mise en mouvement concr\u00e8te.<\/p>\n<\/div>\n\n\n\n<div class=\"wp-block-column is-layout-flow wp-block-column-is-layout-flow\">\n<figure class=\"wp-block-image aligncenter size-large is-resized\"><img loading=\"lazy\" decoding=\"async\" width=\"1200\" height=\"800\" src=\"https:\/\/esper-action.fr\/wp-content\/uploads\/2026\/04\/WhatsApp-Image-2026-04-17-at-10.34.40z-edited.jpeg\" alt=\"\" class=\"wp-image-85\" style=\"width:333px;height:auto\" srcset=\"https:\/\/esper-action.fr\/wp-content\/uploads\/2026\/04\/WhatsApp-Image-2026-04-17-at-10.34.40z-edited.jpeg 1200w, https:\/\/esper-action.fr\/wp-content\/uploads\/2026\/04\/WhatsApp-Image-2026-04-17-at-10.34.40z-edited-300x200.jpeg 300w, https:\/\/esper-action.fr\/wp-content\/uploads\/2026\/04\/WhatsApp-Image-2026-04-17-at-10.34.40z-edited-1024x683.jpeg 1024w, https:\/\/esper-action.fr\/wp-content\/uploads\/2026\/04\/WhatsApp-Image-2026-04-17-at-10.34.40z-edited-768x512.jpeg 768w\" sizes=\"auto, (max-width: 1200px) 100vw, 1200px\" \/><\/figure>\n<\/div>\n<\/div>\n<\/div>\n<\/div>\n\n\n\n<div class=\"wp-block-group esper-section-claire esper-call-to-action has-global-padding is-layout-constrained wp-block-group-is-layout-constrained\">\n<h2 class=\"wp-block-heading has-text-align-center\">Faire le point ensemble<\/h2>\n\n\n\n<p class=\"has-text-align-center\">Un premier \u00e9change permet de voir si cet accompagnement est juste pour vous et comment avancer concr\u00e8tement.<\/p>\n\n\n\n<div class=\"wp-block-buttons is-content-justification-center is-layout-flex wp-container-core-buttons-is-layout-a89b3969 wp-block-buttons-is-layout-flex\">\n<div class=\"wp-block-button\"><a class=\"wp-block-button__link wp-element-button\" href=\"https:\/\/calendly.com\/jacques-bert-esper-action\/entretien-decouverte\">Prendre un 1er rendez-vous<\/a><\/div>\n<\/div>\n<\/div>\n","protected":false},"excerpt":{"rendered":"<p>\u00c9tablissements Des interventions p\u00e9dagogiques pour aider les jeunes \u00e0 mieux se comprendre, \u00e0 mieux habiter leurs \u00e9motions et \u00e0 se structurer dans un monde o\u00f9 les rep\u00e8res deviennent souvent flous. Pour qui ? J\u2019interviens principalement aupr\u00e8s de coll\u00e8ges, lyc\u00e9es, \u00e9tablissements d\u2019enseignement sup\u00e9rieur, structures de formation et \u00e9quipes \u00e9ducatives qui souhaitent proposer aux jeunes des contenus [&hellip;]<\/p>\n","protected":false},"author":1,"featured_media":0,"parent":0,"menu_order":0,"comment_status":"closed","ping_status":"closed","template":"","meta":{"footnotes":""},"class_list":["post-65","page","type-page","status-publish","hentry"],"_links":{"self":[{"href":"https:\/\/esper-action.fr\/index.php\/wp-json\/wp\/v2\/pages\/65","targetHints":{"allow":["GET"]}}],"collection":[{"href":"https:\/\/esper-action.fr\/index.php\/wp-json\/wp\/v2\/pages"}],"about":[{"href":"https:\/\/esper-action.fr\/index.php\/wp-json\/wp\/v2\/types\/page"}],"author":[{"embeddable":true,"href":"https:\/\/esper-action.fr\/index.php\/wp-json\/wp\/v2\/users\/1"}],"replies":[{"embeddable":true,"href":"https:\/\/esper-action.fr\/index.php\/wp-json\/wp\/v2\/comments?post=65"}],"version-history":[{"count":11,"href":"https:\/\/esper-action.fr\/index.php\/wp-json\/wp\/v2\/pages\/65\/revisions"}],"predecessor-version":[{"id":124,"href":"https:\/\/esper-action.fr\/index.php\/wp-json\/wp\/v2\/pages\/65\/revisions\/124"}],"wp:attachment":[{"href":"https:\/\/esper-action.fr\/index.php\/wp-json\/wp\/v2\/media?parent=65"}],"curies":[{"name":"wp","href":"https:\/\/api.w.org\/{rel}","templated":true}]}}