{"id":10,"date":"2026-04-17T19:45:04","date_gmt":"2026-04-17T19:45:04","guid":{"rendered":"https:\/\/esper-action.fr\/?page_id=10"},"modified":"2026-04-17T20:43:43","modified_gmt":"2026-04-17T20:43:43","slug":"particuliers","status":"publish","type":"page","link":"https:\/\/esper-action.fr\/index.php\/particuliers\/","title":{"rendered":"Particuliers"},"content":{"rendered":"\n<div class=\"wp-block-group alignfull esper-page particuliers-page has-global-padding is-layout-constrained wp-block-group-is-layout-constrained\">\n<div class=\"wp-block-group esper-particuliers-hero has-global-padding is-layout-constrained wp-block-group-is-layout-constrained\">\n<figure class=\"wp-block-image aligncenter esper-logo-page\"><img decoding=\"async\" src=\"http:\/\/esper-action.fr\/wp-content\/uploads\/2026\/04\/logo-21.png\" alt=\"Logo Esp\u00e9r\u2019Action\"\/><\/figure>\n\n\n\n<h1 class=\"wp-block-heading has-text-align-center\">Particuliers<\/h1>\n\n\n\n<p class=\"has-text-align-center has-large-font-size\">Un accompagnement structur\u00e9 pour mieux comprendre ses relations, clarifier ses choix et avancer avec justesse.<\/p>\n\n\n\n<div class=\"wp-block-buttons is-content-justification-center is-layout-flex wp-container-core-buttons-is-layout-a89b3969 wp-block-buttons-is-layout-flex\">\n<div class=\"wp-block-button\"><a class=\"wp-block-button__link wp-element-button\" href=\"https:\/\/calendly.com\/jacques-bert-esper-action\/entretien-decouverte\">Prendre un 1er rendez-vous<\/a><\/div>\n<\/div>\n<\/div>\n\n\n<nav class=\"is-responsive wp-block-navigation is-layout-flex wp-block-navigation-is-layout-flex\" aria-label=\"Navigation\" \n\t\t data-wp-interactive=\"core\/navigation\" data-wp-context='{\"overlayOpenedBy\":{\"click\":false,\"hover\":false,\"focus\":false},\"type\":\"overlay\",\"roleAttribute\":\"\",\"ariaLabel\":\"Menu\"}'><button aria-haspopup=\"dialog\" aria-label=\"Ouvrir le menu\" class=\"wp-block-navigation__responsive-container-open\" \n\t\t\t\tdata-wp-on--click=\"actions.openMenuOnClick\"\n\t\t\t\tdata-wp-on--keydown=\"actions.handleMenuKeydown\"\n\t\t\t><svg width=\"24\" height=\"24\" xmlns=\"http:\/\/www.w3.org\/2000\/svg\" viewBox=\"0 0 24 24\" aria-hidden=\"true\" focusable=\"false\"><path d=\"M4 7.5h16v1.5H4z\"><\/path><path d=\"M4 15h16v1.5H4z\"><\/path><\/svg><\/button>\n\t\t\t\t<div class=\"wp-block-navigation__responsive-container\"  id=\"modal-1\" \n\t\t\t\tdata-wp-class--has-modal-open=\"state.isMenuOpen\"\n\t\t\t\tdata-wp-class--is-menu-open=\"state.isMenuOpen\"\n\t\t\t\tdata-wp-watch=\"callbacks.initMenu\"\n\t\t\t\tdata-wp-on--keydown=\"actions.handleMenuKeydown\"\n\t\t\t\tdata-wp-on--focusout=\"actions.handleMenuFocusout\"\n\t\t\t\ttabindex=\"-1\"\n\t\t\t>\n\t\t\t\t\t<div class=\"wp-block-navigation__responsive-close\" tabindex=\"-1\">\n\t\t\t\t\t\t<div class=\"wp-block-navigation__responsive-dialog\" \n\t\t\t\tdata-wp-bind--aria-modal=\"state.ariaModal\"\n\t\t\t\tdata-wp-bind--aria-label=\"state.ariaLabel\"\n\t\t\t\tdata-wp-bind--role=\"state.roleAttribute\"\n\t\t\t>\n\t\t\t\t\t\t\t<button aria-label=\"Fermer le menu\" class=\"wp-block-navigation__responsive-container-close\" \n\t\t\t\tdata-wp-on--click=\"actions.closeMenuOnClick\"\n\t\t\t><svg xmlns=\"http:\/\/www.w3.org\/2000\/svg\" viewBox=\"0 0 24 24\" width=\"24\" height=\"24\" aria-hidden=\"true\" focusable=\"false\"><path d=\"m13.06 12 6.47-6.47-1.06-1.06L12 10.94 5.53 4.47 4.47 5.53 10.94 12l-6.47 6.47 1.06 1.06L12 13.06l6.47 6.47 1.06-1.06L13.06 12Z\"><\/path><\/svg><\/button>\n\t\t\t\t\t\t\t<div class=\"wp-block-navigation__responsive-container-content\" \n\t\t\t\tdata-wp-watch=\"callbacks.focusFirstElement\"\n\t\t\t id=\"modal-1-content\">\n\t\t\t\t\t\t\t\t<ul class=\"wp-block-navigation__container is-responsive wp-block-navigation\"><li class=\" wp-block-navigation-item wp-block-navigation-link\"><a class=\"wp-block-navigation-item__content\"  href=\"https:\/\/esper-action.fr\/\"><span class=\"wp-block-navigation-item__label\">Accueil<\/span><\/a><\/li><li class=\" wp-block-navigation-item wp-block-navigation-link\"><a class=\"wp-block-navigation-item__content\"  href=\"https:\/\/esper-action.fr\/index.php\/particuliers\/\"><span class=\"wp-block-navigation-item__label\">Particuliers<\/span><\/a><\/li><li class=\" wp-block-navigation-item wp-block-navigation-link\"><a class=\"wp-block-navigation-item__content\"  href=\"https:\/\/esper-action.fr\/index.php\/entreprises\/\"><span class=\"wp-block-navigation-item__label\">Entreprises<\/span><\/a><\/li><li class=\" wp-block-navigation-item wp-block-navigation-link\"><a class=\"wp-block-navigation-item__content\"  href=\"https:\/\/esper-action.fr\/index.php\/etablissement\/\"><span class=\"wp-block-navigation-item__label\">Etablissement<\/span><\/a><\/li><li class=\" wp-block-navigation-item wp-block-navigation-link\"><a class=\"wp-block-navigation-item__content\"  href=\"https:\/\/esper-action.fr\/index.php\/contact\/\"><span class=\"wp-block-navigation-item__label\">Contact<\/span><\/a><\/li><\/ul>\n\t\t\t\t\t\t\t<\/div>\n\t\t\t\t\t\t<\/div>\n\t\t\t\t\t<\/div>\n\t\t\t\t<\/div><\/nav>\n\n\n<div style=\"height:56px\" aria-hidden=\"true\" class=\"wp-block-spacer\"><\/div>\n\n\n\n<div class=\"wp-block-columns esper-particuliers-intro is-layout-flex wp-container-core-columns-is-layout-f2b4f319 wp-block-columns-is-layout-flex\">\n<div class=\"wp-block-column is-layout-flow wp-block-column-is-layout-flow\" style=\"flex-basis:55%\">\n<h2 class=\"wp-block-heading\">Pour qui ?<\/h2>\n\n\n\n<p>Cette d\u00e9marche s\u2019adresse aux personnes qui ressentent le besoin de mieux comprendre ce qu\u2019elles vivent dans leurs relations, de clarifier une situation personnelle, affective ou familiale, et de retrouver une ligne de conduite plus juste.<\/p>\n\n\n\n<p>L\u2019objectif n\u2019est pas de donner des r\u00e9ponses toutes faites, mais d\u2019apporter un cadre de compr\u00e9hension, une m\u00e9thode et des rep\u00e8res concrets pour avancer avec plus de lucidit\u00e9, de coh\u00e9rence et de libert\u00e9 int\u00e9rieure.<\/p>\n\n\n\n<h2 class=\"wp-block-heading\">Ce que je propose<\/h2>\n\n\n\n<ul class=\"wp-block-list\">\n<li>Des entretiens structur\u00e9s \u00e0 partir de ta situation concr\u00e8te<\/li>\n\n\n\n<li>Un travail de clarification relationnelle et personnelle<\/li>\n\n\n\n<li>Une aide pour poser des choix plus justes et plus libres<\/li>\n\n\n\n<li>Une lecture approfondie des dynamiques humaines en jeu<\/li>\n\n\n\n<li>Un accompagnement ancr\u00e9 dans le r\u00e9el, avec des rep\u00e8res concrets<\/li>\n<\/ul>\n<\/div>\n\n\n\n<div class=\"wp-block-column is-layout-flow wp-block-column-is-layout-flow\" style=\"flex-basis:45%\">\n<figure class=\"wp-block-image size-large esper-photo-formateur\"><img decoding=\"async\" src=\"http:\/\/esper-action.fr\/wp-content\/uploads\/2026\/04\/WhatsApp-Image-2026-04-17-at-10.41.32-azert.jpeg\" alt=\"Accompagnement individuel \u2013 Esp\u00e9r\u2019Action\"\/><\/figure>\n\n\n\n<div class=\"wp-block-group esper-encart has-global-padding is-layout-constrained wp-block-group-is-layout-constrained\">\n<h3 class=\"wp-block-heading\">Un premier \u00e9change simple<\/h3>\n\n\n\n<p>Le premier rendez-vous permet de faire le point sur ta situation, de pr\u00e9ciser tes besoins et de voir si cette d\u00e9marche est faite pour toi.<\/p>\n\n\n\n<div class=\"wp-block-buttons is-layout-flex wp-block-buttons-is-layout-flex\">\n<div class=\"wp-block-button\"><a class=\"wp-block-button__link wp-element-button\" href=\"https:\/\/calendly.com\/jacques-bert-esper-action\/entretien-decouverte\">R\u00e9server un premier rendez-vous<\/a><\/div>\n<\/div>\n<\/div>\n\n\n\n<div class=\"wp-block-group esper-encart has-global-padding is-layout-constrained wp-block-group-is-layout-constrained\">\n<h3 class=\"wp-block-heading\">Un rendez-vous de suivi<\/h3>\n\n\n\n<p>Le rendez-vous de suivi permet d\u2019approfondir le travail engag\u00e9, de revenir sur une situation pr\u00e9cise et de poser des rep\u00e8res concrets pour avancer dans la dur\u00e9e.<\/p>\n\n\n\n<div class=\"wp-block-buttons is-layout-flex wp-block-buttons-is-layout-flex\">\n<div class=\"wp-block-button\"><a class=\"wp-block-button__link wp-element-button\" href=\"https:\/\/calendly.com\/jacques-bert-esper-action\/30min\">R\u00e9server un rendez-vous de suivi<\/a><\/div>\n<\/div>\n<\/div>\n<\/div>\n<\/div>\n\n\n\n<div style=\"height:48px\" aria-hidden=\"true\" class=\"wp-block-spacer\"><\/div>\n\n\n\n<div class=\"wp-block-group esper-section-claire has-global-padding is-layout-constrained wp-block-group-is-layout-constrained\">\n<h2 class=\"wp-block-heading has-text-align-center\">Je viens parce que\u2026<\/h2>\n\n\n\n<div class=\"wp-block-columns is-layout-flex wp-container-core-columns-is-layout-6cedfde3 wp-block-columns-is-layout-flex\">\n<div class=\"wp-block-column is-layout-flow wp-block-column-is-layout-flow\">\n<h3 class=\"wp-block-heading\">J\u2019explose trop facilement<\/h3>\n\n\n\n<p>Tu as l\u2019impression de r\u00e9agir trop vite, de ne pas r\u00e9ussir \u00e0 prendre du recul. Nous t\u2019aidons \u00e0 comprendre tes m\u00e9canismes et \u00e0 retrouver une ma\u00eetrise plus juste de tes \u00e9motions.<\/p>\n<\/div>\n\n\n\n<div class=\"wp-block-column is-layout-flow wp-block-column-is-layout-flow\">\n<h3 class=\"wp-block-heading\">Je vis une situation relationnelle confuse<\/h3>\n\n\n\n<p>Tu ne sais plus comment te situer dans une relation. Nous t\u2019aidons \u00e0 clarifier les places, les attentes et les responsabilit\u00e9s en jeu.<\/p>\n<\/div>\n\n\n\n<div class=\"wp-block-column is-layout-flow wp-block-column-is-layout-flow\">\n<h3 class=\"wp-block-heading\">Je traverse des tensions de couple<\/h3>\n\n\n\n<p>\u00c0 partir notamment de La M\u00e9thode Arc En Ciel DISC\u00a9\u00ae, nous vous aidons \u00e0 mieux comprendre vos temp\u00e9raments, \u00e0 identifier vos diff\u00e9rences de fonctionnement et \u00e0 d\u00e9passer les quiproquos qui fragilisent la relation.<\/p>\n<\/div>\n<\/div>\n\n\n\n<div style=\"height:28px\" aria-hidden=\"true\" class=\"wp-block-spacer\"><\/div>\n\n\n\n<div class=\"wp-block-columns is-layout-flex wp-container-core-columns-is-layout-6cedfde3 wp-block-columns-is-layout-flex\">\n<div class=\"wp-block-column is-layout-flow wp-block-column-is-layout-flow\">\n<h3 class=\"wp-block-heading\">Je manque de rep\u00e8res<\/h3>\n\n\n\n<p>Tu avances sans ligne directrice claire. Nous t\u2019aidons \u00e0 retrouver une structure, des crit\u00e8res et une ligne de conduite plus coh\u00e9rente.<\/p>\n<\/div>\n\n\n\n<div class=\"wp-block-column is-layout-flow wp-block-column-is-layout-flow\">\n<h3 class=\"wp-block-heading\">Je veux mieux me conna\u00eetre<\/h3>\n\n\n\n<p>Tu veux comprendre ton fonctionnement profond pour agir avec plus de justesse dans ta vie, dans tes relations et dans tes d\u00e9cisions.<\/p>\n<\/div>\n\n\n\n<div class=\"wp-block-column is-layout-flow wp-block-column-is-layout-flow\">\n<h3 class=\"wp-block-heading\">Je veux avancer concr\u00e8tement<\/h3>\n\n\n\n<p>Tu ne veux pas seulement parler, mais avancer r\u00e9ellement. Nous t\u2019aidons \u00e0 transformer la compr\u00e9hension en d\u00e9cisions, en actes et en rep\u00e8res durables.<\/p>\n<\/div>\n<\/div>\n<\/div>\n\n\n\n<div style=\"height:48px\" aria-hidden=\"true\" class=\"wp-block-spacer\"><\/div>\n\n\n\n<div class=\"wp-block-group esper-section-claire esper-tarifs-particuliers has-global-padding is-layout-constrained wp-block-group-is-layout-constrained\">\n<h2 class=\"wp-block-heading has-text-align-center\">Tarifs particuliers<\/h2>\n\n\n\n<div class=\"wp-block-columns is-layout-flex wp-container-core-columns-is-layout-6cedfde3 wp-block-columns-is-layout-flex\">\n<div class=\"wp-block-column is-layout-flow wp-block-column-is-layout-flow\">\n<h3 class=\"wp-block-heading\">Entretien de d\u00e9couverte<\/h3>\n\n\n\n<p>30 minutes au t\u00e9l\u00e9phone pour faire le point sur ta situation, pr\u00e9ciser ta demande et voir si cette d\u00e9marche est juste pour toi.<\/p>\n\n\n\n<p><strong>Gratuit<\/strong><\/p>\n<\/div>\n\n\n\n<div class=\"wp-block-column is-layout-flow wp-block-column-is-layout-flow\">\n<h3 class=\"wp-block-heading\">S\u00e9ance individuelle<\/h3>\n\n\n\n<p>Une s\u00e9ance d\u2019accompagnement structur\u00e9e \u00e0 partir de ta situation concr\u00e8te, avec des rep\u00e8res pour comprendre, discerner et avancer.<\/p>\n\n\n\n<p><strong>40 \u20ac TTC la s\u00e9ance<\/strong><\/p>\n<\/div>\n<\/div>\n<\/div>\n\n\n\n<div style=\"height:48px\" aria-hidden=\"true\" class=\"wp-block-spacer\"><\/div>\n\n\n\n<div class=\"wp-block-group esper-section-claire has-global-padding is-layout-constrained wp-block-group-is-layout-constrained\">\n<h2 class=\"wp-block-heading has-text-align-center\">Pourquoi cette d\u00e9marche ?<\/h2>\n\n\n\n<p class=\"has-text-align-center\">Parce qu\u2019il ne suffit pas d\u2019aller mieux sur le moment. Il faut aussi comprendre, structurer et int\u00e9grer ce qui permet de tenir dans la dur\u00e9e.<\/p>\n<\/div>\n<\/div>\n\n\n\n<div class=\"wp-block-group esper-section-claire esper-call-to-action has-global-padding is-layout-constrained wp-block-group-is-layout-constrained\">\n<h2 class=\"wp-block-heading has-text-align-center\">Faire le point ensemble<\/h2>\n\n\n\n<p class=\"has-text-align-center\">Un premier \u00e9change permet de voir si cet accompagnement est juste pour vous et comment avancer concr\u00e8tement.<\/p>\n\n\n\n<div class=\"wp-block-buttons is-content-justification-center is-layout-flex wp-container-core-buttons-is-layout-a89b3969 wp-block-buttons-is-layout-flex\">\n<div class=\"wp-block-button\"><a class=\"wp-block-button__link wp-element-button\" href=\"https:\/\/calendly.com\/jacques-bert-esper-action\/entretien-decouverte\">Prendre un 1er rendez-vous<\/a><\/div>\n<\/div>\n<\/div>\n","protected":false},"excerpt":{"rendered":"<p>Particuliers Un accompagnement structur\u00e9 pour mieux comprendre ses relations, clarifier ses choix et avancer avec justesse. Pour qui ? Cette d\u00e9marche s\u2019adresse aux personnes qui ressentent le besoin de mieux comprendre ce qu\u2019elles vivent dans leurs relations, de clarifier une situation personnelle, affective ou familiale, et de retrouver une ligne de conduite plus juste. L\u2019objectif [&hellip;]<\/p>\n","protected":false},"author":1,"featured_media":0,"parent":0,"menu_order":0,"comment_status":"closed","ping_status":"closed","template":"","meta":{"footnotes":""},"class_list":["post-10","page","type-page","status-publish","hentry"],"_links":{"self":[{"href":"https:\/\/esper-action.fr\/index.php\/wp-json\/wp\/v2\/pages\/10","targetHints":{"allow":["GET"]}}],"collection":[{"href":"https:\/\/esper-action.fr\/index.php\/wp-json\/wp\/v2\/pages"}],"about":[{"href":"https:\/\/esper-action.fr\/index.php\/wp-json\/wp\/v2\/types\/page"}],"author":[{"embeddable":true,"href":"https:\/\/esper-action.fr\/index.php\/wp-json\/wp\/v2\/users\/1"}],"replies":[{"embeddable":true,"href":"https:\/\/esper-action.fr\/index.php\/wp-json\/wp\/v2\/comments?post=10"}],"version-history":[{"count":8,"href":"https:\/\/esper-action.fr\/index.php\/wp-json\/wp\/v2\/pages\/10\/revisions"}],"predecessor-version":[{"id":123,"href":"https:\/\/esper-action.fr\/index.php\/wp-json\/wp\/v2\/pages\/10\/revisions\/123"}],"wp:attachment":[{"href":"https:\/\/esper-action.fr\/index.php\/wp-json\/wp\/v2\/media?parent=10"}],"curies":[{"name":"wp","href":"https:\/\/api.w.org\/{rel}","templated":true}]}}